{"id":3734,"date":"2024-05-31T11:49:45","date_gmt":"2024-05-31T09:49:45","guid":{"rendered":"https:\/\/detabecomat.se\/?page_id=3734"},"modified":"2024-05-31T12:02:57","modified_gmt":"2024-05-31T10:02:57","slug":"miljopolicy","status":"publish","type":"page","link":"https:\/\/detabecomat.se\/en\/miljopolicy\/","title":{"rendered":"ENVIRONMENTAL POLICY"},"content":{"rendered":"<div data-elementor-type=\"wp-page\" data-elementor-id=\"3734\" class=\"elementor elementor-3734\" data-elementor-post-type=\"page\">\n\t\t\t\t<div class=\"elementor-element elementor-element-7052d06 e-flex e-con-boxed e-con e-parent\" data-id=\"7052d06\" data-element_type=\"container\" data-e-type=\"container\" data-settings=\"{&quot;background_background&quot;:&quot;classic&quot;}\">\n\t\t\t\t\t<div class=\"e-con-inner\">\n\t\t\t\t\t<\/div>\n\t\t\t\t<\/div>\n\t\t<div class=\"elementor-element elementor-element-237df4c4 e-flex e-con-boxed e-con e-parent\" data-id=\"237df4c4\" data-element_type=\"container\" data-e-type=\"container\" data-settings=\"{&quot;background_background&quot;:&quot;classic&quot;}\">\n\t\t\t\t\t<div class=\"e-con-inner\">\n\t\t\t\t<div class=\"elementor-element elementor-element-2f0f6445 elementor-widget elementor-widget-heading\" data-id=\"2f0f6445\" data-element_type=\"widget\" data-e-type=\"widget\" data-widget_type=\"heading.default\">\n\t\t\t\t<div class=\"elementor-widget-container\">\n\t\t\t\t\t<h2 class=\"elementor-heading-title elementor-size-default\">ENVIRONMENTAL POLICY<\/h2>\t\t\t\t<\/div>\n\t\t\t\t<\/div>\n\t\t\t\t<div class=\"elementor-element elementor-element-6acb900 elementor-widget elementor-widget-text-editor\" data-id=\"6acb900\" data-element_type=\"widget\" data-e-type=\"widget\" data-widget_type=\"text-editor.default\">\n\t\t\t\t<div class=\"elementor-widget-container\">\n\t\t\t\t\t\t\t\t\tDetab Ecomat Automation AB has a responsibility towards the environment as well as towards customers, employees, owners and society. We must reduce the impact on the environment as far as it is technically possible and economically reasonable. To clarify the breadth and depth of our ambition, we have established the following points:<br><br>\n<ul>\n \t<li>We must comply with applicable laws, regulations, agreements and instructions, including ISO 14001.<\/li>\n \t<li>We must continuously work to increase our environmental competence and encourage employees to increase environmental awareness.<\/li>\n \t<li>We must take into account the expectations that our customers, employees, owners and the outside world have of us.<\/li>\n \t<li>We must ensure that energy is used sparingly, by saving energy and improving energy utilization in all our operations.<\/li>\n \t<li>We must take our suppliers&#039; environmental impact into account and prioritize suppliers who can demonstrate that they themselves actively work on their environmental impact.<\/li>\n \t<li>We must openly report facts about our environmental impact and our environmental work.<\/li>\n \t<li>We must work in a way that is characterized by continuous environmental improvements.<\/li>\n \t<li>We must have preventive work to minimize the risk of pollution.<\/li>\n<\/ul>\t\t\t\t\t\t\t\t<\/div>\n\t\t\t\t<\/div>\n\t\t\t\t\t<\/div>\n\t\t\t\t<\/div>\n\t\t\t\t<\/div>","protected":false},"excerpt":{"rendered":"<p>Milj\u00f6policy Detab Ecomat Automation AB har ett ansvar mot milj\u00f6n liksom mot kunder, anst\u00e4llda, \u00e4gare och samh\u00e4llet. Vi skall minska p\u00e5verkan p\u00e5 milj\u00f6n s\u00e5 l\u00e5ngt det \u00e4r tekniskt m\u00f6jligt och ekonomiskt rimligt.\u2028F\u00f6r att f\u00f6rtydliga bredd och djup i v\u00e5r ambition har vi fastst\u00e4llt f\u00f6ljande punkter: Vi skall f\u00f6lja till\u00e4mpliga lagar, f\u00f6rordningar, avtal och anvisningar,\u2028d\u00e4ribland ISO [&hellip;]<\/p>\n","protected":false},"author":3,"featured_media":0,"parent":0,"menu_order":0,"comment_status":"closed","ping_status":"closed","template":"","meta":{"_acf_changed":false,"footnotes":""},"class_list":["post-3734","page","type-page","status-publish","hentry"],"acf":[],"yoast_head":"<!-- This site is optimized with the Yoast SEO plugin v27.4 - https:\/\/yoast.com\/product\/yoast-seo-wordpress\/ -->\n<title>Milj\u00f6policy | Detab Ecomat Automation<\/title>\n<meta name=\"robots\" content=\"index, follow, max-snippet:-1, max-image-preview:large, max-video-preview:-1\" \/>\n<link rel=\"canonical\" href=\"https:\/\/detabecomat.se\/en\/miljopolicy\/\" \/>\n<meta property=\"og:locale\" content=\"en_US\" \/>\n<meta property=\"og:type\" content=\"article\" \/>\n<meta property=\"og:title\" content=\"Milj\u00f6policy | Detab Ecomat Automation\" \/>\n<meta property=\"og:description\" content=\"Milj\u00f6policy Detab Ecomat Automation AB har ett ansvar mot milj\u00f6n liksom mot kunder, anst\u00e4llda, \u00e4gare och samh\u00e4llet. Vi skall minska p\u00e5verkan p\u00e5 milj\u00f6n s\u00e5 l\u00e5ngt det \u00e4r tekniskt m\u00f6jligt och ekonomiskt rimligt.\u2028F\u00f6r att f\u00f6rtydliga bredd och djup i v\u00e5r ambition har vi fastst\u00e4llt f\u00f6ljande punkter: Vi skall f\u00f6lja till\u00e4mpliga lagar, f\u00f6rordningar, avtal och anvisningar,\u2028d\u00e4ribland ISO [&hellip;]\" \/>\n<meta property=\"og:url\" content=\"https:\/\/detabecomat.se\/en\/miljopolicy\/\" \/>\n<meta property=\"og:site_name\" content=\"Detab Ecomat Automation\" \/>\n<meta property=\"article:modified_time\" content=\"2024-05-31T10:02:57+00:00\" \/>\n<meta property=\"og:image\" content=\"https:\/\/detabecomat.se\/wp-content\/uploads\/2022\/11\/Detab_logga_farg_svart-text.png\" \/>\n\t<meta property=\"og:image:width\" content=\"1704\" \/>\n\t<meta property=\"og:image:height\" content=\"493\" \/>\n\t<meta property=\"og:image:type\" content=\"image\/png\" \/>\n<meta name=\"twitter:card\" content=\"summary_large_image\" \/>\n<meta name=\"twitter:label1\" content=\"Est. reading time\" \/>\n\t<meta name=\"twitter:data1\" content=\"1 minute\" \/>\n<script type=\"application\/ld+json\" class=\"yoast-schema-graph\">{\"@context\":\"https:\\\/\\\/schema.org\",\"@graph\":[{\"@type\":\"WebPage\",\"@id\":\"https:\\\/\\\/detabecomat.se\\\/miljopolicy\\\/\",\"url\":\"https:\\\/\\\/detabecomat.se\\\/miljopolicy\\\/\",\"name\":\"Milj\u00f6policy | Detab Ecomat Automation\",\"isPartOf\":{\"@id\":\"https:\\\/\\\/detabecomat.se\\\/#website\"},\"datePublished\":\"2024-05-31T09:49:45+00:00\",\"dateModified\":\"2024-05-31T10:02:57+00:00\",\"breadcrumb\":{\"@id\":\"https:\\\/\\\/detabecomat.se\\\/miljopolicy\\\/#breadcrumb\"},\"inLanguage\":\"en-US\",\"potentialAction\":[{\"@type\":\"ReadAction\",\"target\":[\"https:\\\/\\\/detabecomat.se\\\/miljopolicy\\\/\"]}]},{\"@type\":\"BreadcrumbList\",\"@id\":\"https:\\\/\\\/detabecomat.se\\\/miljopolicy\\\/#breadcrumb\",\"itemListElement\":[{\"@type\":\"ListItem\",\"position\":1,\"name\":\"Hem\",\"item\":\"https:\\\/\\\/detabecomat.se\\\/\"},{\"@type\":\"ListItem\",\"position\":2,\"name\":\"Milj\u00f6policy\"}]},{\"@type\":\"WebSite\",\"@id\":\"https:\\\/\\\/detabecomat.se\\\/#website\",\"url\":\"https:\\\/\\\/detabecomat.se\\\/\",\"name\":\"Detab Ecomat Automation\",\"description\":\"Automation solutions\",\"publisher\":{\"@id\":\"https:\\\/\\\/detabecomat.se\\\/#organization\"},\"potentialAction\":[{\"@type\":\"SearchAction\",\"target\":{\"@type\":\"EntryPoint\",\"urlTemplate\":\"https:\\\/\\\/detabecomat.se\\\/?s={search_term_string}\"},\"query-input\":{\"@type\":\"PropertyValueSpecification\",\"valueRequired\":true,\"valueName\":\"search_term_string\"}}],\"inLanguage\":\"en-US\"},{\"@type\":\"Organization\",\"@id\":\"https:\\\/\\\/detabecomat.se\\\/#organization\",\"name\":\"Detab Ecomat Automation\",\"url\":\"https:\\\/\\\/detabecomat.se\\\/\",\"logo\":{\"@type\":\"ImageObject\",\"inLanguage\":\"en-US\",\"@id\":\"https:\\\/\\\/detabecomat.se\\\/#\\\/schema\\\/logo\\\/image\\\/\",\"url\":\"https:\\\/\\\/detabecomat.se\\\/wp-content\\\/uploads\\\/2022\\\/11\\\/Detab_logga_farg_svart-text.png\",\"contentUrl\":\"https:\\\/\\\/detabecomat.se\\\/wp-content\\\/uploads\\\/2022\\\/11\\\/Detab_logga_farg_svart-text.png\",\"width\":1704,\"height\":493,\"caption\":\"Detab Ecomat Automation\"},\"image\":{\"@id\":\"https:\\\/\\\/detabecomat.se\\\/#\\\/schema\\\/logo\\\/image\\\/\"}}]}<\/script>\n<!-- \/ Yoast SEO plugin. -->","yoast_head_json":{"title":"Milj\u00f6policy | Detab Ecomat Automation","robots":{"index":"index","follow":"follow","max-snippet":"max-snippet:-1","max-image-preview":"max-image-preview:large","max-video-preview":"max-video-preview:-1"},"canonical":"https:\/\/detabecomat.se\/en\/miljopolicy\/","og_locale":"en_US","og_type":"article","og_title":"Milj\u00f6policy | Detab Ecomat Automation","og_description":"Milj\u00f6policy Detab Ecomat Automation AB har ett ansvar mot milj\u00f6n liksom mot kunder, anst\u00e4llda, \u00e4gare och samh\u00e4llet. Vi skall minska p\u00e5verkan p\u00e5 milj\u00f6n s\u00e5 l\u00e5ngt det \u00e4r tekniskt m\u00f6jligt och ekonomiskt rimligt.\u2028F\u00f6r att f\u00f6rtydliga bredd och djup i v\u00e5r ambition har vi fastst\u00e4llt f\u00f6ljande punkter: Vi skall f\u00f6lja till\u00e4mpliga lagar, f\u00f6rordningar, avtal och anvisningar,\u2028d\u00e4ribland ISO [&hellip;]","og_url":"https:\/\/detabecomat.se\/en\/miljopolicy\/","og_site_name":"Detab Ecomat Automation","article_modified_time":"2024-05-31T10:02:57+00:00","og_image":[{"width":1704,"height":493,"url":"https:\/\/detabecomat.se\/wp-content\/uploads\/2022\/11\/Detab_logga_farg_svart-text.png","type":"image\/png"}],"twitter_card":"summary_large_image","twitter_misc":{"Est. reading time":"1 minute"},"schema":{"@context":"https:\/\/schema.org","@graph":[{"@type":"WebPage","@id":"https:\/\/detabecomat.se\/miljopolicy\/","url":"https:\/\/detabecomat.se\/miljopolicy\/","name":"Milj\u00f6policy | Detab Ecomat Automation","isPartOf":{"@id":"https:\/\/detabecomat.se\/#website"},"datePublished":"2024-05-31T09:49:45+00:00","dateModified":"2024-05-31T10:02:57+00:00","breadcrumb":{"@id":"https:\/\/detabecomat.se\/miljopolicy\/#breadcrumb"},"inLanguage":"en-US","potentialAction":[{"@type":"ReadAction","target":["https:\/\/detabecomat.se\/miljopolicy\/"]}]},{"@type":"BreadcrumbList","@id":"https:\/\/detabecomat.se\/miljopolicy\/#breadcrumb","itemListElement":[{"@type":"ListItem","position":1,"name":"Hem","item":"https:\/\/detabecomat.se\/"},{"@type":"ListItem","position":2,"name":"Milj\u00f6policy"}]},{"@type":"WebSite","@id":"https:\/\/detabecomat.se\/#website","url":"https:\/\/detabecomat.se\/","name":"Detab Ecomat Automation","description":"Automation solutions","publisher":{"@id":"https:\/\/detabecomat.se\/#organization"},"potentialAction":[{"@type":"SearchAction","target":{"@type":"EntryPoint","urlTemplate":"https:\/\/detabecomat.se\/?s={search_term_string}"},"query-input":{"@type":"PropertyValueSpecification","valueRequired":true,"valueName":"search_term_string"}}],"inLanguage":"en-US"},{"@type":"Organization","@id":"https:\/\/detabecomat.se\/#organization","name":"Detab Ecomat Automation","url":"https:\/\/detabecomat.se\/","logo":{"@type":"ImageObject","inLanguage":"en-US","@id":"https:\/\/detabecomat.se\/#\/schema\/logo\/image\/","url":"https:\/\/detabecomat.se\/wp-content\/uploads\/2022\/11\/Detab_logga_farg_svart-text.png","contentUrl":"https:\/\/detabecomat.se\/wp-content\/uploads\/2022\/11\/Detab_logga_farg_svart-text.png","width":1704,"height":493,"caption":"Detab Ecomat Automation"},"image":{"@id":"https:\/\/detabecomat.se\/#\/schema\/logo\/image\/"}}]}},"_links":{"self":[{"href":"https:\/\/detabecomat.se\/en\/wp-json\/wp\/v2\/pages\/3734","targetHints":{"allow":["GET"]}}],"collection":[{"href":"https:\/\/detabecomat.se\/en\/wp-json\/wp\/v2\/pages"}],"about":[{"href":"https:\/\/detabecomat.se\/en\/wp-json\/wp\/v2\/types\/page"}],"author":[{"embeddable":true,"href":"https:\/\/detabecomat.se\/en\/wp-json\/wp\/v2\/users\/3"}],"replies":[{"embeddable":true,"href":"https:\/\/detabecomat.se\/en\/wp-json\/wp\/v2\/comments?post=3734"}],"version-history":[{"count":13,"href":"https:\/\/detabecomat.se\/en\/wp-json\/wp\/v2\/pages\/3734\/revisions"}],"predecessor-version":[{"id":3754,"href":"https:\/\/detabecomat.se\/en\/wp-json\/wp\/v2\/pages\/3734\/revisions\/3754"}],"wp:attachment":[{"href":"https:\/\/detabecomat.se\/en\/wp-json\/wp\/v2\/media?parent=3734"}],"curies":[{"name":"wp","href":"https:\/\/api.w.org\/{rel}","templated":true}]}}