{"id":3998,"date":"2024-10-14T08:18:23","date_gmt":"2024-10-14T06:18:23","guid":{"rendered":"https:\/\/detabecomat.se\/?page_id=3998"},"modified":"2025-07-07T10:54:01","modified_gmt":"2025-07-07T08:54:01","slug":"lediga-tjanster","status":"publish","type":"page","link":"https:\/\/detabecomat.se\/en\/lediga-tjanster\/","title":{"rendered":"Available positions"},"content":{"rendered":"<div data-elementor-type=\"wp-page\" data-elementor-id=\"3998\" class=\"elementor elementor-3998\" data-elementor-post-type=\"page\">\n\t\t\t\t<div class=\"elementor-element elementor-element-8523f96 e-flex e-con-boxed e-con e-parent\" data-id=\"8523f96\" data-element_type=\"container\" data-e-type=\"container\" data-settings=\"{&quot;background_background&quot;:&quot;classic&quot;}\">\n\t\t\t\t\t<div class=\"e-con-inner\">\n\t\t\t\t<div class=\"elementor-element elementor-element-c4c1986 elementor-widget elementor-widget-heading\" data-id=\"c4c1986\" data-element_type=\"widget\" data-e-type=\"widget\" data-widget_type=\"heading.default\">\n\t\t\t\t<div class=\"elementor-widget-container\">\n\t\t\t\t\t<h1 class=\"elementor-heading-title elementor-size-default\">Available positions<\/h1>\t\t\t\t<\/div>\n\t\t\t\t<\/div>\n\t\t\t\t\t<\/div>\n\t\t\t\t<\/div>\n\t\t<div class=\"elementor-element elementor-element-8a1f06d jobbannonser grid e-flex e-con-boxed e-con e-parent\" data-id=\"8a1f06d\" data-element_type=\"container\" data-e-type=\"container\">\n\t\t\t\t\t<div class=\"e-con-inner\">\n\t\t\t\t<div class=\"elementor-element elementor-element-b53a585 elementor-widget elementor-widget-html\" data-id=\"b53a585\" data-element_type=\"widget\" data-e-type=\"widget\" data-widget_type=\"html.default\">\n\t\t\t\t<div class=\"elementor-widget-container\">\n\t\t\t\t\t<script>\n    var pTags = document.querySelectorAll(\".elementor-post__excerpt p\");\n    \n    pTags.forEach((element) => element.textContent += \"...\");\n<\/script>\t\t\t\t<\/div>\n\t\t\t\t<\/div>\n\t\t\t\t<div class=\"elementor-element elementor-element-bcda1c7 elementor-widget elementor-widget-html\" data-id=\"bcda1c7\" data-element_type=\"widget\" data-e-type=\"widget\" data-widget_type=\"html.default\">\n\t\t\t\t<div class=\"elementor-widget-container\">\n\t\t\t\t\t<script>\naddEventListener(\"DOMContentLoaded\", (event) => {\n    var grid = document.querySelector(\".elementor-posts-container.elementor-grid\");\n    \n    var text = document.getElementById(\"inga-lediga-tjanster\");\n    \n    if(grid == null) {\n        text.style.display = \"block\";\n    }\n});\n<\/script>\t\t\t\t<\/div>\n\t\t\t\t<\/div>\n\t\t\t\t<div class=\"elementor-element elementor-element-6e874be elementor-hidden-desktop elementor-hidden-tablet elementor-hidden-mobile elementor-widget elementor-widget-heading\" data-id=\"6e874be\" data-element_type=\"widget\" data-e-type=\"widget\" id=\"inga-lediga-tjanster\" data-widget_type=\"heading.default\">\n\t\t\t\t<div class=\"elementor-widget-container\">\n\t\t\t\t\t<span class=\"elementor-heading-title elementor-size-default\">Ready for a new career? Join &amp; catch the vibe! \n<\/span>\t\t\t\t<\/div>\n\t\t\t\t<\/div>\n\t\t\t\t<div class=\"elementor-element elementor-element-3caac35 elementor-widget elementor-widget-text-editor\" data-id=\"3caac35\" data-element_type=\"widget\" data-e-type=\"widget\" data-widget_type=\"text-editor.default\">\n\t\t\t\t<div class=\"elementor-widget-container\">\n\t\t\t\t\t\t\t\t\t<p style=\"text-align: center;\"><strong>At Detab Ecomat, we believe in the power of curiousity, commitment and the ability to cooperate.<\/strong><\/p><p style=\"text-align: center;\">We are in an expansive phase and are looking to strengthen our team within Automation Technology, Programming, Electrical Design.<br \/>Whether you are an experienced specialist or at the beginning of your career, you can play an important role in our continued development.<\/p><p style=\"text-align: center;\">Do not hesitate to reach out!<br \/>johanna.larsson@detabecomat.se<\/p>\t\t\t\t\t\t\t\t<\/div>\n\t\t\t\t<\/div>\n\t\t\t\t<div class=\"elementor-element elementor-element-f73dbf4 elementor-widget elementor-widget-image\" data-id=\"f73dbf4\" data-element_type=\"widget\" data-e-type=\"widget\" data-widget_type=\"image.default\">\n\t\t\t\t<div class=\"elementor-widget-container\">\n\t\t\t\t\t\t\t\t\t\t\t\t\t\t\t<img fetchpriority=\"high\" decoding=\"async\" width=\"800\" height=\"534\" src=\"https:\/\/detabecomat.se\/wp-content\/uploads\/2025\/07\/IMG_6210-1024x683.jpg\" class=\"attachment-large size-large wp-image-4144\" alt=\"\" srcset=\"https:\/\/detabecomat.se\/wp-content\/uploads\/2025\/07\/IMG_6210-1024x683.jpg 1024w, https:\/\/detabecomat.se\/wp-content\/uploads\/2025\/07\/IMG_6210-300x200.jpg 300w, https:\/\/detabecomat.se\/wp-content\/uploads\/2025\/07\/IMG_6210-768x512.jpg 768w, https:\/\/detabecomat.se\/wp-content\/uploads\/2025\/07\/IMG_6210-1536x1024.jpg 1536w, https:\/\/detabecomat.se\/wp-content\/uploads\/2025\/07\/IMG_6210-2048x1365.jpg 2048w, https:\/\/detabecomat.se\/wp-content\/uploads\/2025\/07\/IMG_6210-18x12.jpg 18w\" sizes=\"(max-width: 800px) 100vw, 800px\" \/>\t\t\t\t\t\t\t\t\t\t\t\t\t\t\t<\/div>\n\t\t\t\t<\/div>\n\t\t\t\t\t<\/div>\n\t\t\t\t<\/div>\n\t\t<div class=\"elementor-element elementor-element-337abdf e-flex e-con-boxed e-con e-parent\" data-id=\"337abdf\" data-element_type=\"container\" data-e-type=\"container\" data-settings=\"{&quot;background_background&quot;:&quot;classic&quot;}\">\n\t\t\t\t\t<div class=\"e-con-inner\">\n\t\t\t\t<div class=\"elementor-element elementor-element-a83b459 elementor-widget__width-initial elementor-widget elementor-widget-heading\" data-id=\"a83b459\" data-element_type=\"widget\" data-e-type=\"widget\" data-widget_type=\"heading.default\">\n\t\t\t\t<div class=\"elementor-widget-container\">\n\t\t\t\t\t<h2 class=\"elementor-heading-title elementor-size-default\">Do you also want to streamline your production?<\/h2>\t\t\t\t<\/div>\n\t\t\t\t<\/div>\n\t\t\t\t<div class=\"elementor-element elementor-element-f4ef0ed underline-link elementor-invisible elementor-widget elementor-widget-button\" data-id=\"f4ef0ed\" data-element_type=\"widget\" data-e-type=\"widget\" data-settings=\"{&quot;_animation&quot;:&quot;fadeInUp&quot;}\" data-widget_type=\"button.default\">\n\t\t\t\t<div class=\"elementor-widget-container\">\n\t\t\t\t\t\t\t\t\t<div class=\"elementor-button-wrapper\">\n\t\t\t\t\t<a class=\"elementor-button elementor-button-link elementor-size-sm\" href=\"https:\/\/detabecomat.se\/en\/kontakta-oss\/\">\n\t\t\t\t\t\t<span class=\"elementor-button-content-wrapper\">\n\t\t\t\t\t\t<span class=\"elementor-button-icon\">\n\t\t\t\t<svg xmlns=\"http:\/\/www.w3.org\/2000\/svg\" width=\"7\" height=\"11\" viewbox=\"0 0 7 11\" fill=\"none\"><path d=\"M1.06896 11C0.906288 11 0.742958 10.9381 0.618324 10.8131C0.369413 10.5642 0.369413 10.1614 0.618324 9.91251L5.03107 5.50006L0.618324 1.08731C0.369413 0.8384 0.369413 0.435239 0.618324 0.186684C0.867236 -0.0622279 1.2704 -0.0622279 1.51925 0.186684L6.38198 5.04942C6.6309 5.29833 6.6309 5.70149 6.38198 5.95005L1.51925 10.8131C1.39503 10.9377 1.232 11 1.06896 11Z\" fill=\"black\"><\/path><\/svg>\t\t\t<\/span>\n\t\t\t\t\t\t\t\t\t<span class=\"elementor-button-text\">Contact us here<\/span>\n\t\t\t\t\t<\/span>\n\t\t\t\t\t<\/a>\n\t\t\t\t<\/div>\n\t\t\t\t\t\t\t\t<\/div>\n\t\t\t\t<\/div>\n\t\t\t\t\t<\/div>\n\t\t\t\t<\/div>\n\t\t\t\t<\/div>","protected":false},"excerpt":{"rendered":"<p>Lediga tj\u00e4nster Redo f\u00f6r en ny karri\u00e4r ? Join &amp; catch the vibe! Vi p\u00e5 Detab Ecomat tror p\u00e5 kraften i nyfikenhet, engagemang och f\u00f6rm\u00e5gan att samarbeta. Vi befinner oss i en expansiv fas och kommer fram\u00f6ver f\u00f6rst\u00e4rka v\u00e5rt team inom, Automationsteknik, Programmering, ElkonstruktionOavsett om du \u00e4r en erfaren specialist eller i b\u00f6rjan av din [&hellip;]<\/p>\n","protected":false},"author":3,"featured_media":0,"parent":0,"menu_order":0,"comment_status":"closed","ping_status":"closed","template":"","meta":{"_acf_changed":false,"footnotes":""},"class_list":["post-3998","page","type-page","status-publish","hentry"],"acf":[],"yoast_head":"<!-- This site is optimized with the Yoast SEO plugin v27.2 - https:\/\/yoast.com\/product\/yoast-seo-wordpress\/ -->\n<title>Lediga tj\u00e4nster | Detab Ecomat Automation<\/title>\n<meta name=\"robots\" content=\"index, follow, max-snippet:-1, max-image-preview:large, max-video-preview:-1\" \/>\n<link rel=\"canonical\" href=\"https:\/\/detabecomat.se\/en\/lediga-tjanster\/\" \/>\n<meta property=\"og:locale\" content=\"en_US\" \/>\n<meta property=\"og:type\" content=\"article\" \/>\n<meta property=\"og:title\" content=\"Lediga tj\u00e4nster | Detab Ecomat Automation\" \/>\n<meta property=\"og:description\" content=\"Lediga tj\u00e4nster Redo f\u00f6r en ny karri\u00e4r ? Join &amp; catch the vibe! Vi p\u00e5 Detab Ecomat tror p\u00e5 kraften i nyfikenhet, engagemang och f\u00f6rm\u00e5gan att samarbeta. Vi befinner oss i en expansiv fas och kommer fram\u00f6ver f\u00f6rst\u00e4rka v\u00e5rt team inom, Automationsteknik, Programmering, ElkonstruktionOavsett om du \u00e4r en erfaren specialist eller i b\u00f6rjan av din [&hellip;]\" \/>\n<meta property=\"og:url\" content=\"https:\/\/detabecomat.se\/en\/lediga-tjanster\/\" \/>\n<meta property=\"og:site_name\" content=\"Detab Ecomat Automation\" \/>\n<meta property=\"article:modified_time\" content=\"2025-07-07T08:54:01+00:00\" \/>\n<meta property=\"og:image\" content=\"https:\/\/detabecomat.se\/wp-content\/uploads\/2025\/07\/IMG_6210-scaled.jpg\" \/>\n\t<meta property=\"og:image:width\" content=\"2560\" \/>\n\t<meta property=\"og:image:height\" content=\"1707\" \/>\n\t<meta property=\"og:image:type\" content=\"image\/jpeg\" \/>\n<meta name=\"twitter:card\" content=\"summary_large_image\" \/>\n<meta name=\"twitter:label1\" content=\"Est. reading time\" \/>\n\t<meta name=\"twitter:data1\" content=\"1 minute\" \/>\n<script type=\"application\/ld+json\" class=\"yoast-schema-graph\">{\"@context\":\"https:\/\/schema.org\",\"@graph\":[{\"@type\":\"WebPage\",\"@id\":\"https:\/\/detabecomat.se\/lediga-tjanster\/\",\"url\":\"https:\/\/detabecomat.se\/lediga-tjanster\/\",\"name\":\"Lediga tj\u00e4nster | Detab Ecomat Automation\",\"isPartOf\":{\"@id\":\"https:\/\/detabecomat.se\/#website\"},\"primaryImageOfPage\":{\"@id\":\"https:\/\/detabecomat.se\/lediga-tjanster\/#primaryimage\"},\"image\":{\"@id\":\"https:\/\/detabecomat.se\/lediga-tjanster\/#primaryimage\"},\"thumbnailUrl\":\"https:\/\/detabecomat.se\/wp-content\/uploads\/2025\/07\/IMG_6210-1024x683.jpg\",\"datePublished\":\"2024-10-14T06:18:23+00:00\",\"dateModified\":\"2025-07-07T08:54:01+00:00\",\"breadcrumb\":{\"@id\":\"https:\/\/detabecomat.se\/lediga-tjanster\/#breadcrumb\"},\"inLanguage\":\"en-US\",\"potentialAction\":[{\"@type\":\"ReadAction\",\"target\":[\"https:\/\/detabecomat.se\/lediga-tjanster\/\"]}]},{\"@type\":\"ImageObject\",\"inLanguage\":\"en-US\",\"@id\":\"https:\/\/detabecomat.se\/lediga-tjanster\/#primaryimage\",\"url\":\"https:\/\/detabecomat.se\/wp-content\/uploads\/2025\/07\/IMG_6210-1024x683.jpg\",\"contentUrl\":\"https:\/\/detabecomat.se\/wp-content\/uploads\/2025\/07\/IMG_6210-1024x683.jpg\"},{\"@type\":\"BreadcrumbList\",\"@id\":\"https:\/\/detabecomat.se\/lediga-tjanster\/#breadcrumb\",\"itemListElement\":[{\"@type\":\"ListItem\",\"position\":1,\"name\":\"Hem\",\"item\":\"https:\/\/detabecomat.se\/\"},{\"@type\":\"ListItem\",\"position\":2,\"name\":\"Lediga tj\u00e4nster\"}]},{\"@type\":\"WebSite\",\"@id\":\"https:\/\/detabecomat.se\/#website\",\"url\":\"https:\/\/detabecomat.se\/\",\"name\":\"Detab Ecomat Automation\",\"description\":\"Automation solutions\",\"publisher\":{\"@id\":\"https:\/\/detabecomat.se\/#organization\"},\"potentialAction\":[{\"@type\":\"SearchAction\",\"target\":{\"@type\":\"EntryPoint\",\"urlTemplate\":\"https:\/\/detabecomat.se\/?s={search_term_string}\"},\"query-input\":{\"@type\":\"PropertyValueSpecification\",\"valueRequired\":true,\"valueName\":\"search_term_string\"}}],\"inLanguage\":\"en-US\"},{\"@type\":\"Organization\",\"@id\":\"https:\/\/detabecomat.se\/#organization\",\"name\":\"Detab Ecomat Automation\",\"url\":\"https:\/\/detabecomat.se\/\",\"logo\":{\"@type\":\"ImageObject\",\"inLanguage\":\"en-US\",\"@id\":\"https:\/\/detabecomat.se\/#\/schema\/logo\/image\/\",\"url\":\"https:\/\/detabecomat.se\/wp-content\/uploads\/2022\/11\/Detab_logga_farg_svart-text.png\",\"contentUrl\":\"https:\/\/detabecomat.se\/wp-content\/uploads\/2022\/11\/Detab_logga_farg_svart-text.png\",\"width\":1704,\"height\":493,\"caption\":\"Detab Ecomat Automation\"},\"image\":{\"@id\":\"https:\/\/detabecomat.se\/#\/schema\/logo\/image\/\"}}]}<\/script>\n<!-- \/ Yoast SEO plugin. -->","yoast_head_json":{"title":"Lediga tj\u00e4nster | Detab Ecomat Automation","robots":{"index":"index","follow":"follow","max-snippet":"max-snippet:-1","max-image-preview":"max-image-preview:large","max-video-preview":"max-video-preview:-1"},"canonical":"https:\/\/detabecomat.se\/en\/lediga-tjanster\/","og_locale":"en_US","og_type":"article","og_title":"Lediga tj\u00e4nster | Detab Ecomat Automation","og_description":"Lediga tj\u00e4nster Redo f\u00f6r en ny karri\u00e4r ? Join &amp; catch the vibe! Vi p\u00e5 Detab Ecomat tror p\u00e5 kraften i nyfikenhet, engagemang och f\u00f6rm\u00e5gan att samarbeta. Vi befinner oss i en expansiv fas och kommer fram\u00f6ver f\u00f6rst\u00e4rka v\u00e5rt team inom, Automationsteknik, Programmering, ElkonstruktionOavsett om du \u00e4r en erfaren specialist eller i b\u00f6rjan av din [&hellip;]","og_url":"https:\/\/detabecomat.se\/en\/lediga-tjanster\/","og_site_name":"Detab Ecomat Automation","article_modified_time":"2025-07-07T08:54:01+00:00","og_image":[{"width":2560,"height":1707,"url":"https:\/\/detabecomat.se\/wp-content\/uploads\/2025\/07\/IMG_6210-scaled.jpg","type":"image\/jpeg"}],"twitter_card":"summary_large_image","twitter_misc":{"Est. reading time":"1 minute"},"schema":{"@context":"https:\/\/schema.org","@graph":[{"@type":"WebPage","@id":"https:\/\/detabecomat.se\/lediga-tjanster\/","url":"https:\/\/detabecomat.se\/lediga-tjanster\/","name":"Lediga tj\u00e4nster | Detab Ecomat Automation","isPartOf":{"@id":"https:\/\/detabecomat.se\/#website"},"primaryImageOfPage":{"@id":"https:\/\/detabecomat.se\/lediga-tjanster\/#primaryimage"},"image":{"@id":"https:\/\/detabecomat.se\/lediga-tjanster\/#primaryimage"},"thumbnailUrl":"https:\/\/detabecomat.se\/wp-content\/uploads\/2025\/07\/IMG_6210-1024x683.jpg","datePublished":"2024-10-14T06:18:23+00:00","dateModified":"2025-07-07T08:54:01+00:00","breadcrumb":{"@id":"https:\/\/detabecomat.se\/lediga-tjanster\/#breadcrumb"},"inLanguage":"en-US","potentialAction":[{"@type":"ReadAction","target":["https:\/\/detabecomat.se\/lediga-tjanster\/"]}]},{"@type":"ImageObject","inLanguage":"en-US","@id":"https:\/\/detabecomat.se\/lediga-tjanster\/#primaryimage","url":"https:\/\/detabecomat.se\/wp-content\/uploads\/2025\/07\/IMG_6210-1024x683.jpg","contentUrl":"https:\/\/detabecomat.se\/wp-content\/uploads\/2025\/07\/IMG_6210-1024x683.jpg"},{"@type":"BreadcrumbList","@id":"https:\/\/detabecomat.se\/lediga-tjanster\/#breadcrumb","itemListElement":[{"@type":"ListItem","position":1,"name":"Hem","item":"https:\/\/detabecomat.se\/"},{"@type":"ListItem","position":2,"name":"Lediga tj\u00e4nster"}]},{"@type":"WebSite","@id":"https:\/\/detabecomat.se\/#website","url":"https:\/\/detabecomat.se\/","name":"Detab Ecomat Automation","description":"Automation solutions","publisher":{"@id":"https:\/\/detabecomat.se\/#organization"},"potentialAction":[{"@type":"SearchAction","target":{"@type":"EntryPoint","urlTemplate":"https:\/\/detabecomat.se\/?s={search_term_string}"},"query-input":{"@type":"PropertyValueSpecification","valueRequired":true,"valueName":"search_term_string"}}],"inLanguage":"en-US"},{"@type":"Organization","@id":"https:\/\/detabecomat.se\/#organization","name":"Detab Ecomat Automation","url":"https:\/\/detabecomat.se\/","logo":{"@type":"ImageObject","inLanguage":"en-US","@id":"https:\/\/detabecomat.se\/#\/schema\/logo\/image\/","url":"https:\/\/detabecomat.se\/wp-content\/uploads\/2022\/11\/Detab_logga_farg_svart-text.png","contentUrl":"https:\/\/detabecomat.se\/wp-content\/uploads\/2022\/11\/Detab_logga_farg_svart-text.png","width":1704,"height":493,"caption":"Detab Ecomat Automation"},"image":{"@id":"https:\/\/detabecomat.se\/#\/schema\/logo\/image\/"}}]}},"_links":{"self":[{"href":"https:\/\/detabecomat.se\/en\/wp-json\/wp\/v2\/pages\/3998","targetHints":{"allow":["GET"]}}],"collection":[{"href":"https:\/\/detabecomat.se\/en\/wp-json\/wp\/v2\/pages"}],"about":[{"href":"https:\/\/detabecomat.se\/en\/wp-json\/wp\/v2\/types\/page"}],"author":[{"embeddable":true,"href":"https:\/\/detabecomat.se\/en\/wp-json\/wp\/v2\/users\/3"}],"replies":[{"embeddable":true,"href":"https:\/\/detabecomat.se\/en\/wp-json\/wp\/v2\/comments?post=3998"}],"version-history":[{"count":80,"href":"https:\/\/detabecomat.se\/en\/wp-json\/wp\/v2\/pages\/3998\/revisions"}],"predecessor-version":[{"id":4157,"href":"https:\/\/detabecomat.se\/en\/wp-json\/wp\/v2\/pages\/3998\/revisions\/4157"}],"wp:attachment":[{"href":"https:\/\/detabecomat.se\/en\/wp-json\/wp\/v2\/media?parent=3998"}],"curies":[{"name":"wp","href":"https:\/\/api.w.org\/{rel}","templated":true}]}}